{"id":74,"date":"2019-07-11T15:17:41","date_gmt":"2019-07-11T15:17:41","guid":{"rendered":"http:\/\/futuremind.futuremind.org\/?page_id=74"},"modified":"2023-07-04T02:56:20","modified_gmt":"2023-07-04T00:56:20","slug":"impressum","status":"publish","type":"page","link":"http:\/\/futuremind.futuremind.org\/?page_id=74","title":{"rendered":"Impressum"},"content":{"rendered":"\t\t<div data-elementor-type=\"wp-post\" data-elementor-id=\"74\" class=\"elementor elementor-74\">\n\t\t\t\t\t\t<section class=\"elementor-section elementor-top-section elementor-element elementor-element-ffdef87 elementor-section-boxed elementor-section-height-default elementor-section-height-default\" data-id=\"ffdef87\" data-element_type=\"section\" data-e-type=\"section\">\n\t\t\t\t\t\t<div class=\"elementor-container elementor-column-gap-default\">\n\t\t\t\t\t<div class=\"elementor-column elementor-col-100 elementor-top-column elementor-element elementor-element-6b5ebf3\" data-id=\"6b5ebf3\" data-element_type=\"column\" data-e-type=\"column\">\n\t\t\t<div class=\"elementor-widget-wrap elementor-element-populated\">\n\t\t\t\t\t\t<div class=\"elementor-element elementor-element-ffaec21 elementor-widget elementor-widget-text-editor\" data-id=\"ffaec21\" data-element_type=\"widget\" data-e-type=\"widget\" data-widget_type=\"text-editor.default\">\n\t\t\t\t<div class=\"elementor-widget-container\">\n\t\t\t\t\t\t\t\t\t<h1>Impressum<\/h1>\t\t\t\t\t\t\t\t<\/div>\n\t\t\t\t<\/div>\n\t\t\t\t<section class=\"elementor-section elementor-inner-section elementor-element elementor-element-e8e880f elementor-section-boxed elementor-section-height-default elementor-section-height-default\" data-id=\"e8e880f\" data-element_type=\"section\" data-e-type=\"section\">\n\t\t\t\t\t\t<div class=\"elementor-container elementor-column-gap-default\">\n\t\t\t\t\t<div class=\"elementor-column elementor-col-50 elementor-inner-column elementor-element elementor-element-9378216\" data-id=\"9378216\" data-element_type=\"column\" data-e-type=\"column\">\n\t\t\t<div class=\"elementor-widget-wrap elementor-element-populated\">\n\t\t\t\t\t\t<div class=\"elementor-element elementor-element-5be344f elementor-widget elementor-widget-text-editor\" data-id=\"5be344f\" data-element_type=\"widget\" data-e-type=\"widget\" data-widget_type=\"text-editor.default\">\n\t\t\t\t<div class=\"elementor-widget-container\">\n\t\t\t\t\t\t\t\t\t<h3><strong>Future Mind<\/strong><\/h3><h5><strong>Sven von Strauch<\/strong><\/h5><p>Hans-Mannhardt-Str. 5\u00a0 82110 Germering<\/p><p>Germany<\/p><p>email: info@futuremind.org<\/p><p>Tel 089-20948736<\/p><p>mobil 0173-5795053<\/p><p>Finanzamt M\u00fcnchen<\/p><p>Steuernummer 146\/220\/60540<\/p><p>Steuer ID: 62 875 018 946<\/p><div>\u00a0<\/div>\t\t\t\t\t\t\t\t<\/div>\n\t\t\t\t<\/div>\n\t\t\t\t\t<\/div>\n\t\t<\/div>\n\t\t\t\t<div class=\"elementor-column elementor-col-50 elementor-inner-column elementor-element elementor-element-6036627\" data-id=\"6036627\" data-element_type=\"column\" data-e-type=\"column\">\n\t\t\t<div class=\"elementor-widget-wrap elementor-element-populated\">\n\t\t\t\t\t\t<div class=\"elementor-element elementor-element-88f838d elementor-button-info elementor-widget elementor-widget-button\" data-id=\"88f838d\" data-element_type=\"widget\" data-e-type=\"widget\" data-widget_type=\"button.default\">\n\t\t\t\t<div class=\"elementor-widget-container\">\n\t\t\t\t\t\t\t\t\t<div class=\"elementor-button-wrapper\">\n\t\t\t\t\t<a class=\"elementor-button elementor-button-link elementor-size-sm\" href=\"http:\/\/www.futuremind.org\/\" target=\"_blank\">\n\t\t\t\t\t\t<span class=\"elementor-button-content-wrapper\">\n\t\t\t\t\t\t\t\t\t<span class=\"elementor-button-text\">Future Mind Musik<\/span>\n\t\t\t\t\t<\/span>\n\t\t\t\t\t<\/a>\n\t\t\t\t<\/div>\n\t\t\t\t\t\t\t\t<\/div>\n\t\t\t\t<\/div>\n\t\t\t\t<div class=\"elementor-element elementor-element-584fcb1 elementor-button-info elementor-widget elementor-widget-button\" data-id=\"584fcb1\" data-element_type=\"widget\" data-e-type=\"widget\" data-widget_type=\"button.default\">\n\t\t\t\t<div class=\"elementor-widget-container\">\n\t\t\t\t\t\t\t\t\t<div class=\"elementor-button-wrapper\">\n\t\t\t\t\t<a class=\"elementor-button elementor-button-link elementor-size-sm\" href=\"http:\/\/www.tonmischung.de\/\" target=\"_blank\">\n\t\t\t\t\t\t<span class=\"elementor-button-content-wrapper\">\n\t\t\t\t\t\t\t\t\t<span class=\"elementor-button-text\">tonmischung.de<\/span>\n\t\t\t\t\t<\/span>\n\t\t\t\t\t<\/a>\n\t\t\t\t<\/div>\n\t\t\t\t\t\t\t\t<\/div>\n\t\t\t\t<\/div>\n\t\t\t\t<div class=\"elementor-element elementor-element-268ecd4 elementor-button-info elementor-widget elementor-widget-button\" data-id=\"268ecd4\" data-element_type=\"widget\" data-e-type=\"widget\" data-widget_type=\"button.default\">\n\t\t\t\t<div class=\"elementor-widget-container\">\n\t\t\t\t\t\t\t\t\t<div class=\"elementor-button-wrapper\">\n\t\t\t\t\t<a class=\"elementor-button elementor-button-link elementor-size-sm\" href=\"http:\/\/www.hoerbuch-club.de\/\" target=\"_blank\">\n\t\t\t\t\t\t<span class=\"elementor-button-content-wrapper\">\n\t\t\t\t\t\t\t\t\t<span class=\"elementor-button-text\">H\u00f6rbuchclub<\/span>\n\t\t\t\t\t<\/span>\n\t\t\t\t\t<\/a>\n\t\t\t\t<\/div>\n\t\t\t\t\t\t\t\t<\/div>\n\t\t\t\t<\/div>\n\t\t\t\t<div class=\"elementor-element elementor-element-07f9091 elementor-button-info elementor-widget elementor-widget-button\" data-id=\"07f9091\" data-element_type=\"widget\" data-e-type=\"widget\" data-widget_type=\"button.default\">\n\t\t\t\t<div class=\"elementor-widget-container\">\n\t\t\t\t\t\t\t\t\t<div class=\"elementor-button-wrapper\">\n\t\t\t\t\t<a class=\"elementor-button elementor-button-link elementor-size-sm\" href=\"http:\/\/www.omatar.com\/\" target=\"_blank\">\n\t\t\t\t\t\t<span class=\"elementor-button-content-wrapper\">\n\t\t\t\t\t\t\t\t\t<span class=\"elementor-button-text\">Omatar<\/span>\n\t\t\t\t\t<\/span>\n\t\t\t\t\t<\/a>\n\t\t\t\t<\/div>\n\t\t\t\t\t\t\t\t<\/div>\n\t\t\t\t<\/div>\n\t\t\t\t\t<\/div>\n\t\t<\/div>\n\t\t\t\t\t<\/div>\n\t\t<\/section>\n\t\t\t\t\t<\/div>\n\t\t<\/div>\n\t\t\t\t\t<\/div>\n\t\t<\/section>\n\t\t\t\t<section class=\"elementor-section elementor-top-section elementor-element elementor-element-9dd8b81 elementor-section-full_width elementor-section-height-default elementor-section-height-default\" data-id=\"9dd8b81\" data-element_type=\"section\" data-e-type=\"section\">\n\t\t\t\t\t\t<div class=\"elementor-container elementor-column-gap-default\">\n\t\t\t\t\t<div class=\"elementor-column elementor-col-100 elementor-top-column elementor-element elementor-element-b0db917\" data-id=\"b0db917\" data-element_type=\"column\" data-e-type=\"column\">\n\t\t\t<div class=\"elementor-widget-wrap elementor-element-populated\">\n\t\t\t\t\t\t<section class=\"elementor-section elementor-inner-section elementor-element elementor-element-5755319 elementor-section-boxed elementor-section-height-default elementor-section-height-default\" data-id=\"5755319\" data-element_type=\"section\" data-e-type=\"section\">\n\t\t\t\t\t\t<div class=\"elementor-container elementor-column-gap-default\">\n\t\t\t\t\t<div class=\"elementor-column elementor-col-50 elementor-inner-column elementor-element elementor-element-eeb0d81\" data-id=\"eeb0d81\" data-element_type=\"column\" data-e-type=\"column\">\n\t\t\t<div class=\"elementor-widget-wrap elementor-element-populated\">\n\t\t\t\t\t\t<div class=\"elementor-element elementor-element-a423e8e elementor-widget elementor-widget-text-editor\" data-id=\"a423e8e\" data-element_type=\"widget\" data-e-type=\"widget\" data-widget_type=\"text-editor.default\">\n\t\t\t\t<div class=\"elementor-widget-container\">\n\t\t\t\t\t\t\t\t\t<div class=\"col-md-8\"><p>\u00a0<\/p><main id=\"content\" role=\"main\"><p>\u00a0<\/p><div class=\"row\"><div class=\"col-md-12\"><article id=\"entry-20\" class=\"entry post-20 page type-page status-publish hentry\"><div class=\"entry-content\"><div class=\"elementor elementor-20\" data-elementor-type=\"post\" data-elementor-id=\"20\" data-elementor-settings=\"[]\"><div class=\"elementor-inner\"><div class=\"elementor-section-wrap\"><section class=\"elementor-element elementor-element-31621da5 elementor-section-boxed elementor-section-height-default elementor-section-height-default elementor-section elementor-top-section\" data-id=\"31621da5\" data-element_type=\"section\"><div class=\"elementor-container elementor-column-gap-default\"><div class=\"elementor-row\"><div class=\"elementor-element elementor-element-6072421e elementor-column elementor-col-100 elementor-top-column\" data-id=\"6072421e\" data-element_type=\"column\"><div class=\"elementor-column-wrap elementor-element-populated\"><div class=\"elementor-widget-wrap\"><div class=\"elementor-element elementor-element-3f63c657 elementor-widget elementor-widget-text-editor\" data-id=\"3f63c657\" data-element_type=\"widget\" data-widget_type=\"text-editor.default\"><div class=\"elementor-widget-container\"><div class=\"elementor-text-editor elementor-clearfix\"><p>Alle Inhalte dieser Website unterliegen dem Urheberrechtsgesetz.<\/p><p>Jede Verwertung der Werke zu anderen als pers\u00f6nlichen Zwecken ist untersagt, dies gilt insbesondere f\u00fcr die Verwendung in Webseiten und anderen digitalen Medien.<\/p><p>F\u00fcr eventuelle Sch\u00e4den, die aus der Nutzung der angebotenen Werke entstehen, \u00fcbernehmen wir keine Haftung.<\/p><p>Wir haben keinerlei Einflu\u00df auf die Gestaltung und die Inhalte von Fremdseiten, auf die von unseren Webseiten aus Verweise und Verkn\u00fcpfungen bestehen.<\/p><p>Deshalb distanzieren wir uns hiermit ausdr\u00fccklich von allen Inhalten aller auf unseren Seiten per Verweis (\u201eLink\u201c) angegebenen Seiten inklusive aller deren Unterseiten.<\/p><\/div><\/div><\/div><\/div><\/div><\/div><\/div><\/div><\/section><\/div><\/div><\/div><\/div><\/article><\/div><\/div><\/main><\/div><div class=\"col-md-4\"><div class=\"sidebar sidebar-right\" role=\"complementary\">\u00a0<\/div><\/div>\t\t\t\t\t\t\t\t<\/div>\n\t\t\t\t<\/div>\n\t\t\t\t\t<\/div>\n\t\t<\/div>\n\t\t\t\t<div class=\"elementor-column elementor-col-50 elementor-inner-column elementor-element elementor-element-39de7f0\" data-id=\"39de7f0\" data-element_type=\"column\" data-e-type=\"column\">\n\t\t\t<div class=\"elementor-widget-wrap elementor-element-populated\">\n\t\t\t\t\t\t<div class=\"elementor-element elementor-element-a810066 elementor-button-warning elementor-align-center elementor-widget elementor-widget-button\" data-id=\"a810066\" data-element_type=\"widget\" data-e-type=\"widget\" data-widget_type=\"button.default\">\n\t\t\t\t<div class=\"elementor-widget-container\">\n\t\t\t\t\t\t\t\t\t<div class=\"elementor-button-wrapper\">\n\t\t\t\t\t<a class=\"elementor-button elementor-button-link elementor-size-xl\" href=\"\">\n\t\t\t\t\t\t<span class=\"elementor-button-content-wrapper\">\n\t\t\t\t\t\t\t\t\t<span class=\"elementor-button-text\">Privacy Statement<\/span>\n\t\t\t\t\t<\/span>\n\t\t\t\t\t<\/a>\n\t\t\t\t<\/div>\n\t\t\t\t\t\t\t\t<\/div>\n\t\t\t\t<\/div>\n\t\t\t\t<div class=\"elementor-element elementor-element-5a68633 elementor-button-warning elementor-align-center elementor-widget elementor-widget-button\" data-id=\"5a68633\" data-element_type=\"widget\" data-e-type=\"widget\" data-widget_type=\"button.default\">\n\t\t\t\t<div class=\"elementor-widget-container\">\n\t\t\t\t\t\t\t\t\t<div class=\"elementor-button-wrapper\">\n\t\t\t\t\t<a class=\"elementor-button elementor-button-link elementor-size-xl\" href=\"\">\n\t\t\t\t\t\t<span class=\"elementor-button-content-wrapper\">\n\t\t\t\t\t\t\t\t\t<span class=\"elementor-button-text\">Datenschutzerkl\u00e4rung<\/span>\n\t\t\t\t\t<\/span>\n\t\t\t\t\t<\/a>\n\t\t\t\t<\/div>\n\t\t\t\t\t\t\t\t<\/div>\n\t\t\t\t<\/div>\n\t\t\t\t\t<\/div>\n\t\t<\/div>\n\t\t\t\t\t<\/div>\n\t\t<\/section>\n\t\t\t\t\t<\/div>\n\t\t<\/div>\n\t\t\t\t\t<\/div>\n\t\t<\/section>\n\t\t\t\t<\/div>\n\t\t","protected":false},"excerpt":{"rendered":"<p>Impressum Future Mind Sven von Strauch Hans-Mannhardt-Str. 5\u00a0 82110 Germering Germany email: info@futuremind.org Tel 089-20948736 mobil 0173-5795053 Finanzamt M\u00fcnchen Steuernummer 146\/220\/60540 Steuer ID: 62 875 018 946 \u00a0 Future Mind Musik tonmischung.de H\u00f6rbuchclub Omatar \u00a0 \u00a0 Alle Inhalte dieser Website unterliegen dem Urheberrechtsgesetz. Jede Verwertung der Werke zu anderen als pers\u00f6nlichen Zwecken ist untersagt, dies&hellip; <br \/> <a class=\"read-more\" href=\"http:\/\/futuremind.futuremind.org\/?page_id=74\">Weiterlesen<\/a><\/p>\n","protected":false},"author":1,"featured_media":0,"parent":0,"menu_order":0,"comment_status":"closed","ping_status":"closed","template":"","meta":{"footnotes":""},"class_list":["post-74","page","type-page","status-publish","hentry"],"yoast_head":"<!-- This site is optimized with the Yoast SEO plugin v27.5 - https:\/\/yoast.com\/product\/yoast-seo-wordpress\/ -->\n<title>Impressum - Future Mind<\/title>\n<meta name=\"robots\" content=\"index, follow, max-snippet:-1, max-image-preview:large, max-video-preview:-1\" \/>\n<link rel=\"canonical\" href=\"http:\/\/futuremind.futuremind.org\/?page_id=74\" \/>\n<meta property=\"og:locale\" content=\"de_DE\" \/>\n<meta property=\"og:type\" content=\"article\" \/>\n<meta property=\"og:title\" content=\"Impressum - Future Mind\" \/>\n<meta property=\"og:description\" content=\"Impressum Future Mind Sven von Strauch Hans-Mannhardt-Str. 5\u00a0 82110 Germering Germany email: info@futuremind.org Tel 089-20948736 mobil 0173-5795053 Finanzamt M\u00fcnchen Steuernummer 146\/220\/60540 Steuer ID: 62 875 018 946 \u00a0 Future Mind Musik tonmischung.de H\u00f6rbuchclub Omatar \u00a0 \u00a0 Alle Inhalte dieser Website unterliegen dem Urheberrechtsgesetz. Jede Verwertung der Werke zu anderen als pers\u00f6nlichen Zwecken ist untersagt, dies&hellip; Weiterlesen\" \/>\n<meta property=\"og:url\" content=\"http:\/\/futuremind.futuremind.org\/?page_id=74\" \/>\n<meta property=\"og:site_name\" content=\"Future Mind\" \/>\n<meta property=\"article:modified_time\" content=\"2023-07-04T00:56:20+00:00\" \/>\n<meta name=\"twitter:card\" content=\"summary_large_image\" \/>\n<meta name=\"twitter:label1\" content=\"Gesch\u00e4tzte Lesezeit\" \/>\n\t<meta name=\"twitter:data1\" content=\"1\u00a0Minute\" \/>\n<script type=\"application\/ld+json\" class=\"yoast-schema-graph\">{\"@context\":\"https:\\\/\\\/schema.org\",\"@graph\":[{\"@type\":\"WebPage\",\"@id\":\"http:\\\/\\\/futuremind.futuremind.org\\\/?page_id=74\",\"url\":\"http:\\\/\\\/futuremind.futuremind.org\\\/?page_id=74\",\"name\":\"Impressum - Future Mind\",\"isPartOf\":{\"@id\":\"http:\\\/\\\/futuremind.futuremind.org\\\/#website\"},\"datePublished\":\"2019-07-11T15:17:41+00:00\",\"dateModified\":\"2023-07-04T00:56:20+00:00\",\"breadcrumb\":{\"@id\":\"http:\\\/\\\/futuremind.futuremind.org\\\/?page_id=74#breadcrumb\"},\"inLanguage\":\"de\",\"potentialAction\":[{\"@type\":\"ReadAction\",\"target\":[\"http:\\\/\\\/futuremind.futuremind.org\\\/?page_id=74\"]}]},{\"@type\":\"BreadcrumbList\",\"@id\":\"http:\\\/\\\/futuremind.futuremind.org\\\/?page_id=74#breadcrumb\",\"itemListElement\":[{\"@type\":\"ListItem\",\"position\":1,\"name\":\"Startseite\",\"item\":\"http:\\\/\\\/futuremind.futuremind.org\\\/\"},{\"@type\":\"ListItem\",\"position\":2,\"name\":\"Impressum\"}]},{\"@type\":\"WebSite\",\"@id\":\"http:\\\/\\\/futuremind.futuremind.org\\\/#website\",\"url\":\"http:\\\/\\\/futuremind.futuremind.org\\\/\",\"name\":\"Future Mind\",\"description\":\"Colors of Sounds\",\"publisher\":{\"@id\":\"http:\\\/\\\/futuremind.futuremind.org\\\/#organization\"},\"potentialAction\":[{\"@type\":\"SearchAction\",\"target\":{\"@type\":\"EntryPoint\",\"urlTemplate\":\"http:\\\/\\\/futuremind.futuremind.org\\\/?s={search_term_string}\"},\"query-input\":{\"@type\":\"PropertyValueSpecification\",\"valueRequired\":true,\"valueName\":\"search_term_string\"}}],\"inLanguage\":\"de\"},{\"@type\":\"Organization\",\"@id\":\"http:\\\/\\\/futuremind.futuremind.org\\\/#organization\",\"name\":\"Future Mind\",\"url\":\"http:\\\/\\\/futuremind.futuremind.org\\\/\",\"logo\":{\"@type\":\"ImageObject\",\"inLanguage\":\"de\",\"@id\":\"http:\\\/\\\/futuremind.futuremind.org\\\/#\\\/schema\\\/logo\\\/image\\\/\",\"url\":\"http:\\\/\\\/futuremind.futuremind.org\\\/wp-content\\\/uploads\\\/2019\\\/07\\\/cropped-Future-Mind-Artist-Logo-6-5-verwendet-1.jpg\",\"contentUrl\":\"http:\\\/\\\/futuremind.futuremind.org\\\/wp-content\\\/uploads\\\/2019\\\/07\\\/cropped-Future-Mind-Artist-Logo-6-5-verwendet-1.jpg\",\"width\":512,\"height\":512,\"caption\":\"Future Mind\"},\"image\":{\"@id\":\"http:\\\/\\\/futuremind.futuremind.org\\\/#\\\/schema\\\/logo\\\/image\\\/\"}}]}<\/script>\n<!-- \/ Yoast SEO plugin. -->","yoast_head_json":{"title":"Impressum - Future Mind","robots":{"index":"index","follow":"follow","max-snippet":"max-snippet:-1","max-image-preview":"max-image-preview:large","max-video-preview":"max-video-preview:-1"},"canonical":"http:\/\/futuremind.futuremind.org\/?page_id=74","og_locale":"de_DE","og_type":"article","og_title":"Impressum - Future Mind","og_description":"Impressum Future Mind Sven von Strauch Hans-Mannhardt-Str. 5\u00a0 82110 Germering Germany email: info@futuremind.org Tel 089-20948736 mobil 0173-5795053 Finanzamt M\u00fcnchen Steuernummer 146\/220\/60540 Steuer ID: 62 875 018 946 \u00a0 Future Mind Musik tonmischung.de H\u00f6rbuchclub Omatar \u00a0 \u00a0 Alle Inhalte dieser Website unterliegen dem Urheberrechtsgesetz. Jede Verwertung der Werke zu anderen als pers\u00f6nlichen Zwecken ist untersagt, dies&hellip; Weiterlesen","og_url":"http:\/\/futuremind.futuremind.org\/?page_id=74","og_site_name":"Future Mind","article_modified_time":"2023-07-04T00:56:20+00:00","twitter_card":"summary_large_image","twitter_misc":{"Gesch\u00e4tzte Lesezeit":"1\u00a0Minute"},"schema":{"@context":"https:\/\/schema.org","@graph":[{"@type":"WebPage","@id":"http:\/\/futuremind.futuremind.org\/?page_id=74","url":"http:\/\/futuremind.futuremind.org\/?page_id=74","name":"Impressum - Future Mind","isPartOf":{"@id":"http:\/\/futuremind.futuremind.org\/#website"},"datePublished":"2019-07-11T15:17:41+00:00","dateModified":"2023-07-04T00:56:20+00:00","breadcrumb":{"@id":"http:\/\/futuremind.futuremind.org\/?page_id=74#breadcrumb"},"inLanguage":"de","potentialAction":[{"@type":"ReadAction","target":["http:\/\/futuremind.futuremind.org\/?page_id=74"]}]},{"@type":"BreadcrumbList","@id":"http:\/\/futuremind.futuremind.org\/?page_id=74#breadcrumb","itemListElement":[{"@type":"ListItem","position":1,"name":"Startseite","item":"http:\/\/futuremind.futuremind.org\/"},{"@type":"ListItem","position":2,"name":"Impressum"}]},{"@type":"WebSite","@id":"http:\/\/futuremind.futuremind.org\/#website","url":"http:\/\/futuremind.futuremind.org\/","name":"Future Mind","description":"Colors of Sounds","publisher":{"@id":"http:\/\/futuremind.futuremind.org\/#organization"},"potentialAction":[{"@type":"SearchAction","target":{"@type":"EntryPoint","urlTemplate":"http:\/\/futuremind.futuremind.org\/?s={search_term_string}"},"query-input":{"@type":"PropertyValueSpecification","valueRequired":true,"valueName":"search_term_string"}}],"inLanguage":"de"},{"@type":"Organization","@id":"http:\/\/futuremind.futuremind.org\/#organization","name":"Future Mind","url":"http:\/\/futuremind.futuremind.org\/","logo":{"@type":"ImageObject","inLanguage":"de","@id":"http:\/\/futuremind.futuremind.org\/#\/schema\/logo\/image\/","url":"http:\/\/futuremind.futuremind.org\/wp-content\/uploads\/2019\/07\/cropped-Future-Mind-Artist-Logo-6-5-verwendet-1.jpg","contentUrl":"http:\/\/futuremind.futuremind.org\/wp-content\/uploads\/2019\/07\/cropped-Future-Mind-Artist-Logo-6-5-verwendet-1.jpg","width":512,"height":512,"caption":"Future Mind"},"image":{"@id":"http:\/\/futuremind.futuremind.org\/#\/schema\/logo\/image\/"}}]}},"_links":{"self":[{"href":"http:\/\/futuremind.futuremind.org\/index.php?rest_route=\/wp\/v2\/pages\/74","targetHints":{"allow":["GET"]}}],"collection":[{"href":"http:\/\/futuremind.futuremind.org\/index.php?rest_route=\/wp\/v2\/pages"}],"about":[{"href":"http:\/\/futuremind.futuremind.org\/index.php?rest_route=\/wp\/v2\/types\/page"}],"author":[{"embeddable":true,"href":"http:\/\/futuremind.futuremind.org\/index.php?rest_route=\/wp\/v2\/users\/1"}],"replies":[{"embeddable":true,"href":"http:\/\/futuremind.futuremind.org\/index.php?rest_route=%2Fwp%2Fv2%2Fcomments&post=74"}],"version-history":[{"count":0,"href":"http:\/\/futuremind.futuremind.org\/index.php?rest_route=\/wp\/v2\/pages\/74\/revisions"}],"wp:attachment":[{"href":"http:\/\/futuremind.futuremind.org\/index.php?rest_route=%2Fwp%2Fv2%2Fmedia&parent=74"}],"curies":[{"name":"wp","href":"https:\/\/api.w.org\/{rel}","templated":true}]}}